{"id":670,"date":"2025-12-28T11:50:54","date_gmt":"2025-12-28T10:50:54","guid":{"rendered":"https:\/\/regulated-devsecops.com\/?page_id=670"},"modified":"2026-03-26T07:03:02","modified_gmt":"2026-03-26T06:03:02","slug":"cookie-policy","status":"publish","type":"page","link":"https:\/\/regulated-devsecops.com\/fr\/cookie-policy\/","title":{"rendered":"Politique de Cookies"},"content":{"rendered":"\n<p>Cette Politique de Cookies explique comment les cookies sont utilis\u00e9s sur <a href=\"https:\/\/regulated-devsecops.com\/fr\/\" data-type=\"page\" data-id=\"9\"><em>ce site web<\/em><\/a>.<\/p>\n\n\n\n<h3 class=\"wp-block-heading\" id=\"what-are-cookies\">Que sont les cookies ?<\/h3>\n\n\n\n<p>Les cookies sont de petits fichiers texte plac\u00e9s sur votre appareil lorsque vous visitez un site web. Ils sont couramment utilis\u00e9s pour assurer le bon fonctionnement des sites web et pour fournir des informations aux propri\u00e9taires du site.<\/p>\n\n\n\n<h3 class=\"wp-block-heading\" id=\"cookies-used-on-this-site\">Cookies utilis\u00e9s sur ce site<\/h3>\n\n\n\n<p><a href=\"https:\/\/regulated-devsecops.com\/fr\/\" data-type=\"page\" data-id=\"9\"><em>Ce site web<\/em><\/a> peut utiliser les types de cookies suivants :<\/p>\n\n\n\n<ul class=\"wp-block-list\">\n<li><strong>Cookies strictement n\u00e9cessaires<\/strong> \u2014 Requis pour le fonctionnement de base du site (par ex., gestion de session, param\u00e8tres de s\u00e9curit\u00e9).<\/li>\n\n\n\n<li><strong>Cookies d&rsquo;analyse<\/strong> \u2014 Utilis\u00e9s pour comprendre comment les visiteurs interagissent avec le site, via des outils tels que Google Analytics. Ces cookies collectent des informations anonymis\u00e9es.<\/li>\n\n\n\n<li><strong>Cookies fonctionnels<\/strong> \u2014 Permettent de m\u00e9moriser vos pr\u00e9f\u00e9rences (par ex., s\u00e9lection de la langue).<\/li>\n<\/ul>\n\n\n\n<h3 class=\"wp-block-heading\" id=\"managing-cookies\">Gestion des cookies<\/h3>\n\n\n\n<p>Vous pouvez contr\u00f4ler et supprimer les cookies via les param\u00e8tres de votre navigateur. Veuillez noter que la d\u00e9sactivation des cookies peut affecter votre exp\u00e9rience de navigation.<\/p>\n\n\n\n<h3 class=\"wp-block-heading\" id=\"updates-to-this-policy\">Mises \u00e0 jour de cette politique<\/h3>\n\n\n\n<p>Cette Politique de Cookies peut \u00eatre mise \u00e0 jour de temps \u00e0 autre. Les modifications prennent effet d\u00e8s leur publication sur <a href=\"https:\/\/regulated-devsecops.com\/fr\/\" data-type=\"page\" data-id=\"9\"><em>ce site web<\/em><\/a>.<\/p>\n","protected":false},"excerpt":{"rendered":"<p>Cette Politique de Cookies explique comment les cookies sont utilis\u00e9s sur ce site web. Que sont les cookies ? Les cookies sont de petits fichiers texte plac\u00e9s sur votre appareil lorsque vous visitez un site web. Ils sont couramment utilis\u00e9s pour assurer le bon fonctionnement des sites web et pour fournir des informations aux propri\u00e9taires &#8230; <a title=\"Politique de Cookies\" class=\"read-more\" href=\"https:\/\/regulated-devsecops.com\/fr\/cookie-policy\/\" aria-label=\"En savoir plus sur Politique de Cookies\">Lire la suite<\/a><\/p>\n","protected":false},"author":1,"featured_media":0,"parent":0,"menu_order":12,"comment_status":"closed","ping_status":"closed","template":"","meta":{"footnotes":""},"class_list":["post-670","page","type-page","status-publish"],"_links":{"self":[{"href":"https:\/\/regulated-devsecops.com\/fr\/wp-json\/wp\/v2\/pages\/670","targetHints":{"allow":["GET"]}}],"collection":[{"href":"https:\/\/regulated-devsecops.com\/fr\/wp-json\/wp\/v2\/pages"}],"about":[{"href":"https:\/\/regulated-devsecops.com\/fr\/wp-json\/wp\/v2\/types\/page"}],"author":[{"embeddable":true,"href":"https:\/\/regulated-devsecops.com\/fr\/wp-json\/wp\/v2\/users\/1"}],"replies":[{"embeddable":true,"href":"https:\/\/regulated-devsecops.com\/fr\/wp-json\/wp\/v2\/comments?post=670"}],"version-history":[{"count":0,"href":"https:\/\/regulated-devsecops.com\/fr\/wp-json\/wp\/v2\/pages\/670\/revisions"}],"wp:attachment":[{"href":"https:\/\/regulated-devsecops.com\/fr\/wp-json\/wp\/v2\/media?parent=670"}],"curies":[{"name":"wp","href":"https:\/\/api.w.org\/{rel}","templated":true}]}}