{"id":662,"date":"2025-12-28T10:27:50","date_gmt":"2025-12-28T09:27:50","guid":{"rendered":"https:\/\/regulated-devsecops.com\/?page_id=662"},"modified":"2026-03-26T07:03:37","modified_gmt":"2026-03-26T06:03:37","slug":"privacy-policy","status":"publish","type":"page","link":"https:\/\/regulated-devsecops.com\/fr\/privacy-policy\/","title":{"rendered":"Politique de Confidentialit\u00e9"},"content":{"rendered":"\n<p>Cette Politique de Confidentialit\u00e9 explique comment les informations sont collect\u00e9es, utilis\u00e9es et prot\u00e9g\u00e9es lorsque vous visitez <a href=\"https:\/\/regulated-devsecops.com\/fr\/\" data-type=\"page\" data-id=\"9\"><em>ce site web<\/em><\/a>.<\/p>\n\n\n\n<h3 class=\"wp-block-heading\" id=\"information-collected\">Informations collect\u00e9es<\/h3>\n\n\n\n<p><a href=\"https:\/\/regulated-devsecops.com\/fr\/\" data-type=\"page\" data-id=\"9\"><em>Ce site web<\/em><\/a> peut collecter des donn\u00e9es de base et non personnellement identifiables par le biais d&rsquo;outils d&rsquo;analyse standard (par ex., Google Analytics), telles que :<\/p>\n\n\n\n<ul class=\"wp-block-list\">\n<li>Adresse IP (anonymis\u00e9e lorsque cela est possible)<\/li>\n\n\n\n<li>Type et version du navigateur<\/li>\n\n\n\n<li>Pages visit\u00e9es et temps pass\u00e9 sur le site<\/li>\n\n\n\n<li>Source de r\u00e9f\u00e9rence<\/li>\n<\/ul>\n\n\n\n<p>Aucune donn\u00e9e personnelle (telle que noms, adresses e-mail ou informations de paiement) n&rsquo;est intentionnellement collect\u00e9e par le biais de ce site.<\/p>\n\n\n\n<h3 class=\"wp-block-heading\" id=\"how-information-is-used\">Comment les informations sont utilis\u00e9es<\/h3>\n\n\n\n<p>Toute donn\u00e9e collect\u00e9e est utilis\u00e9e exclusivement pour :<\/p>\n\n\n\n<ul class=\"wp-block-list\">\n<li>Comprendre les tendances de trafic du site<\/li>\n\n\n\n<li>Am\u00e9liorer le contenu et l&rsquo;exp\u00e9rience utilisateur<\/li>\n\n\n\n<li>Assurer le fonctionnement et la s\u00e9curit\u00e9 du site<\/li>\n<\/ul>\n\n\n\n<h3 class=\"wp-block-heading\" id=\"third-party-services\">Services tiers<\/h3>\n\n\n\n<p><a href=\"https:\/\/regulated-devsecops.com\/fr\/\" data-type=\"page\" data-id=\"9\"><em>Ce site web<\/em><\/a> peut utiliser des services tiers (par ex., pour l&rsquo;analyse ou l&rsquo;h\u00e9bergement) qui peuvent collecter des donn\u00e9es conform\u00e9ment \u00e0 leurs propres politiques de confidentialit\u00e9. Les utilisateurs sont encourag\u00e9s \u00e0 consulter les politiques de confidentialit\u00e9 de ces services.<\/p>\n\n\n\n<h3 class=\"wp-block-heading\" id=\"cookies\">Cookies<\/h3>\n\n\n\n<p>Ce site peut utiliser des cookies. Pour plus de d\u00e9tails, veuillez consulter la <a href=\"https:\/\/regulated-devsecops.com\/fr\/cookie-policy\/\" data-type=\"page\" data-id=\"27\">Politique de Cookies<\/a>.<\/p>\n\n\n\n<h3 class=\"wp-block-heading\" id=\"changes-to-this-policy\">Modifications de cette politique<\/h3>\n\n\n\n<p>Cette Politique de Confidentialit\u00e9 peut \u00eatre mise \u00e0 jour de temps \u00e0 autre. Les modifications prennent effet d\u00e8s leur publication sur <a href=\"https:\/\/regulated-devsecops.com\/fr\/\" data-type=\"page\" data-id=\"9\"><em>ce site web<\/em><\/a>.<\/p>\n\n\n\n<h3 class=\"wp-block-heading\" id=\"contact\">Contact<\/h3>\n\n\n\n<p>Si vous avez des questions concernant cette politique, veuillez nous contacter via la page <a href=\"https:\/\/regulated-devsecops.com\/fr\/contact\/\" data-type=\"page\" data-id=\"25\">Contact<\/a>.<\/p>\n","protected":false},"excerpt":{"rendered":"<p>Cette Politique de Confidentialit\u00e9 explique comment les informations sont collect\u00e9es, utilis\u00e9es et prot\u00e9g\u00e9es lorsque vous visitez ce site web. Informations collect\u00e9es Ce site web peut collecter des donn\u00e9es de base et non personnellement identifiables par le biais d&rsquo;outils d&rsquo;analyse standard (par ex., Google Analytics), telles que : Aucune donn\u00e9e personnelle (telle que noms, adresses e-mail &#8230; <a title=\"Politique de Confidentialit\u00e9\" class=\"read-more\" href=\"https:\/\/regulated-devsecops.com\/fr\/privacy-policy\/\" aria-label=\"En savoir plus sur Politique de Confidentialit\u00e9\">Lire la suite<\/a><\/p>\n","protected":false},"author":1,"featured_media":0,"parent":0,"menu_order":11,"comment_status":"closed","ping_status":"closed","template":"","meta":{"footnotes":""},"class_list":["post-662","page","type-page","status-publish"],"_links":{"self":[{"href":"https:\/\/regulated-devsecops.com\/fr\/wp-json\/wp\/v2\/pages\/662","targetHints":{"allow":["GET"]}}],"collection":[{"href":"https:\/\/regulated-devsecops.com\/fr\/wp-json\/wp\/v2\/pages"}],"about":[{"href":"https:\/\/regulated-devsecops.com\/fr\/wp-json\/wp\/v2\/types\/page"}],"author":[{"embeddable":true,"href":"https:\/\/regulated-devsecops.com\/fr\/wp-json\/wp\/v2\/users\/1"}],"replies":[{"embeddable":true,"href":"https:\/\/regulated-devsecops.com\/fr\/wp-json\/wp\/v2\/comments?post=662"}],"version-history":[{"count":0,"href":"https:\/\/regulated-devsecops.com\/fr\/wp-json\/wp\/v2\/pages\/662\/revisions"}],"wp:attachment":[{"href":"https:\/\/regulated-devsecops.com\/fr\/wp-json\/wp\/v2\/media?parent=662"}],"curies":[{"name":"wp","href":"https:\/\/api.w.org\/{rel}","templated":true}]}}