{"id":654,"date":"2025-12-28T11:50:33","date_gmt":"2025-12-28T10:50:33","guid":{"rendered":"https:\/\/regulated-devsecops.com\/?page_id=654"},"modified":"2026-03-26T07:04:44","modified_gmt":"2026-03-26T06:04:44","slug":"contact","status":"publish","type":"page","link":"https:\/\/regulated-devsecops.com\/fr\/contact\/","title":{"rendered":"Contact"},"content":{"rendered":"\n<p>Si vous avez des questions sur le contenu publi\u00e9 sur <a href=\"https:\/\/regulated-devsecops.com\/fr\/\" data-type=\"page\" data-id=\"9\">ce site web<\/a> ou si vous souhaitez nous contacter au sujet du <a href=\"https:\/\/regulated-devsecops.com\/fr\/devsecops\/\" data-type=\"page\" data-id=\"13\">DevSecOps<\/a>, de la <a href=\"https:\/\/regulated-devsecops.com\/fr\/ci-cd-security\/\" data-type=\"page\" data-id=\"11\">s\u00e9curit\u00e9 CI\/CD<\/a> ou de sujets li\u00e9s \u00e0 la <a href=\"https:\/\/regulated-devsecops.com\/fr\/compliance\/\" data-type=\"page\" data-id=\"17\">conformit\u00e9<\/a>, vous pouvez nous contacter en utilisant les informations ci-dessous.<\/p>\n\n\n\n<h3 class=\"wp-block-heading\" id=\"contact-information\">Coordonn\u00e9es<\/h3>\n\n\n\n<p>Email\u00a0: <a href=\"mailto:contact@regulated-devsecops.com\">contact@regulated-devsecops.com<\/a><\/p>\n\n\n\n<hr class=\"wp-block-separator has-alpha-channel-opacity\"\/>\n\n\n\n<p>Veuillez noter que <a href=\"https:\/\/regulated-devsecops.com\/fr\/\" data-type=\"page\" data-id=\"9\">ce site web<\/a> ne fournit pas de services de conseil ou de support. Tout le contenu est publi\u00e9 \u00e0 des fins d&rsquo;information et d&rsquo;\u00e9ducation uniquement.<\/p>\n\n\n\n<p><\/p>\n","protected":false},"excerpt":{"rendered":"<p>Si vous avez des questions sur le contenu publi\u00e9 sur ce site web ou si vous souhaitez nous contacter au sujet du DevSecOps, de la s\u00e9curit\u00e9 CI\/CD ou de sujets li\u00e9s \u00e0 la conformit\u00e9, vous pouvez nous contacter en utilisant les informations ci-dessous. Coordonn\u00e9es Email\u00a0: contact@regulated-devsecops.com Veuillez noter que ce site web ne fournit pas &#8230; <a title=\"Contact\" class=\"read-more\" href=\"https:\/\/regulated-devsecops.com\/fr\/contact\/\" aria-label=\"En savoir plus sur Contact\">Lire la suite<\/a><\/p>\n","protected":false},"author":1,"featured_media":0,"parent":0,"menu_order":10,"comment_status":"closed","ping_status":"closed","template":"","meta":{"footnotes":""},"class_list":["post-654","page","type-page","status-publish"],"_links":{"self":[{"href":"https:\/\/regulated-devsecops.com\/fr\/wp-json\/wp\/v2\/pages\/654","targetHints":{"allow":["GET"]}}],"collection":[{"href":"https:\/\/regulated-devsecops.com\/fr\/wp-json\/wp\/v2\/pages"}],"about":[{"href":"https:\/\/regulated-devsecops.com\/fr\/wp-json\/wp\/v2\/types\/page"}],"author":[{"embeddable":true,"href":"https:\/\/regulated-devsecops.com\/fr\/wp-json\/wp\/v2\/users\/1"}],"replies":[{"embeddable":true,"href":"https:\/\/regulated-devsecops.com\/fr\/wp-json\/wp\/v2\/comments?post=654"}],"version-history":[{"count":0,"href":"https:\/\/regulated-devsecops.com\/fr\/wp-json\/wp\/v2\/pages\/654\/revisions"}],"wp:attachment":[{"href":"https:\/\/regulated-devsecops.com\/fr\/wp-json\/wp\/v2\/media?parent=654"}],"curies":[{"name":"wp","href":"https:\/\/api.w.org\/{rel}","templated":true}]}}