{"id":646,"date":"2025-12-28T11:51:17","date_gmt":"2025-12-28T10:51:17","guid":{"rendered":"https:\/\/regulated-devsecops.com\/?page_id=646"},"modified":"2026-03-26T07:03:16","modified_gmt":"2026-03-26T06:03:16","slug":"disclaimer","status":"publish","type":"page","link":"https:\/\/regulated-devsecops.com\/fr\/disclaimer\/","title":{"rendered":"Avertissement"},"content":{"rendered":"\n<p>Les informations fournies sur <a href=\"https:\/\/regulated-devsecops.com\/fr\/\" data-type=\"page\" data-id=\"9\"><em>ce site web<\/em><\/a> sont \u00e0 des fins d&rsquo;information g\u00e9n\u00e9rale et d&rsquo;\u00e9ducation uniquement. Bien que des efforts soient faits pour garantir l&rsquo;exactitude et la pertinence du contenu, aucune d\u00e9claration ni garantie d&rsquo;aucune sorte, expresse ou implicite, n&rsquo;est faite quant \u00e0 l&rsquo;exhaustivit\u00e9, la fiabilit\u00e9 ou l&rsquo;ad\u00e9quation des informations, produits, services ou graphiques associ\u00e9s contenus sur <a href=\"https:\/\/regulated-devsecops.com\/fr\/\" data-type=\"page\" data-id=\"9\"><em>ce site web<\/em><\/a> \u00e0 quelque fin que ce soit.<\/p>\n\n\n\n<h3 class=\"wp-block-heading\" id=\"no-professional-advice\">Aucun conseil professionnel<\/h3>\n\n\n\n<p>Le contenu de ce site ne constitue pas un conseil professionnel \u2014 que ce soit juridique, technique, en mati\u00e8re de conformit\u00e9 ou de s\u00e9curit\u00e9. Les lecteurs doivent consulter des professionnels qualifi\u00e9s avant de prendre des d\u00e9cisions bas\u00e9es sur toute information publi\u00e9e ici.<\/p>\n\n\n\n<h3 class=\"wp-block-heading\" id=\"limitation-of-liability\">Limitation de responsabilit\u00e9<\/h3>\n\n\n\n<p>En aucun cas, <a href=\"https:\/\/regulated-devsecops.com\/fr\/\" data-type=\"page\" data-id=\"9\"><em>ce site web<\/em><\/a> ou ses contributeurs ne pourront \u00eatre tenus responsables de toute perte ou dommage, y compris, sans limitation, les pertes ou dommages indirects ou cons\u00e9cutifs, d\u00e9coulant de la perte de donn\u00e9es ou de profits r\u00e9sultant de l&rsquo;utilisation de ce site web ou en relation avec celle-ci.<\/p>\n\n\n\n<h3 class=\"wp-block-heading\" id=\"external-links\">Liens externes<\/h3>\n\n\n\n<p>Ce site web peut contenir des liens vers des sites ou ressources externes. Ces liens sont fournis pour votre commodit\u00e9 et \u00e0 des fins de r\u00e9f\u00e9rence uniquement. L&rsquo;inclusion de tout lien n&rsquo;implique pas n\u00e9cessairement une recommandation ni une approbation du contenu qui s&rsquo;y trouve.<\/p>\n","protected":false},"excerpt":{"rendered":"<p>Les informations fournies sur ce site web sont \u00e0 des fins d&rsquo;information g\u00e9n\u00e9rale et d&rsquo;\u00e9ducation uniquement. Bien que des efforts soient faits pour garantir l&rsquo;exactitude et la pertinence du contenu, aucune d\u00e9claration ni garantie d&rsquo;aucune sorte, expresse ou implicite, n&rsquo;est faite quant \u00e0 l&rsquo;exhaustivit\u00e9, la fiabilit\u00e9 ou l&rsquo;ad\u00e9quation des informations, produits, services ou graphiques associ\u00e9s &#8230; <a title=\"Avertissement\" class=\"read-more\" href=\"https:\/\/regulated-devsecops.com\/fr\/disclaimer\/\" aria-label=\"En savoir plus sur Avertissement\">Lire la suite<\/a><\/p>\n","protected":false},"author":1,"featured_media":0,"parent":0,"menu_order":13,"comment_status":"closed","ping_status":"closed","template":"","meta":{"footnotes":""},"class_list":["post-646","page","type-page","status-publish"],"_links":{"self":[{"href":"https:\/\/regulated-devsecops.com\/fr\/wp-json\/wp\/v2\/pages\/646","targetHints":{"allow":["GET"]}}],"collection":[{"href":"https:\/\/regulated-devsecops.com\/fr\/wp-json\/wp\/v2\/pages"}],"about":[{"href":"https:\/\/regulated-devsecops.com\/fr\/wp-json\/wp\/v2\/types\/page"}],"author":[{"embeddable":true,"href":"https:\/\/regulated-devsecops.com\/fr\/wp-json\/wp\/v2\/users\/1"}],"replies":[{"embeddable":true,"href":"https:\/\/regulated-devsecops.com\/fr\/wp-json\/wp\/v2\/comments?post=646"}],"version-history":[{"count":0,"href":"https:\/\/regulated-devsecops.com\/fr\/wp-json\/wp\/v2\/pages\/646\/revisions"}],"wp:attachment":[{"href":"https:\/\/regulated-devsecops.com\/fr\/wp-json\/wp\/v2\/media?parent=646"}],"curies":[{"name":"wp","href":"https:\/\/api.w.org\/{rel}","templated":true}]}}