{"id":592,"date":"2025-12-28T11:49:04","date_gmt":"2025-12-28T10:49:04","guid":{"rendered":"https:\/\/regulated-devsecops.com\/about\/"},"modified":"2026-03-26T07:04:35","modified_gmt":"2026-03-26T06:04:35","slug":"about","status":"publish","type":"page","link":"https:\/\/regulated-devsecops.com\/fr\/about\/","title":{"rendered":"\u00c0 propos"},"content":{"rendered":"\n<h2 class=\"wp-block-heading\"><strong>\u00c0 propos de Regulated DevSecOps<\/strong><\/h2>\n\n\n\n<p><strong>Regulated DevSecOps<\/strong> est la principale ressource ind\u00e9pendante d\u00e9di\u00e9e \u00e0 l&rsquo;intersection de la <a href=\"https:\/\/regulated-devsecops.com\/fr\/devsecops\/\" data-type=\"page\" data-id=\"13\">ing\u00e9nierie DevSecOps<\/a> et de la conformit\u00e9 r\u00e9glementaire. Ce site explore comment les organisations des secteurs r\u00e9glement\u00e9s \u2014 finance, sant\u00e9, gouvernement, infrastructure critique \u2014 peuvent int\u00e9grer la s\u00e9curit\u00e9 dans chaque phase du cycle de vie du d\u00e9veloppement logiciel sans sacrifier l&rsquo;agilit\u00e9 ou l&rsquo;innovation.<\/p>\n\n\n\n<h3 class=\"wp-block-heading\" id=\"our-mission\">Notre mission<\/h3>\n\n\n\n<p>Combler le foss\u00e9 entre la <strong>s\u00e9curit\u00e9 des pipelines<\/strong>, la <a href=\"https:\/\/regulated-devsecops.com\/fr\/application-security\/\" data-type=\"page\" data-id=\"746\">s\u00e9curit\u00e9 applicative<\/a> et les cadres r\u00e9glementaires tels que <strong>DORA<\/strong>, <strong>NIS2<\/strong>, <strong>ISO 27001<\/strong>, <strong>SOC 2<\/strong> et <strong>PCI DSS<\/strong>. Nous fournissons du contenu ancr\u00e9 dans la r\u00e9alit\u00e9 pour les architectes, les ing\u00e9nieurs en s\u00e9curit\u00e9 et les responsables conformit\u00e9 qui ont besoin de solutions exploitables \u2014 pas seulement de th\u00e9orie.<\/p>\n\n\n\n<h3 class=\"wp-block-heading\" id=\"what-youll-find-here\">Ce que vous trouverez ici<\/h3>\n\n\n\n<ul class=\"wp-block-list\">\n<li><strong><a href=\"https:\/\/regulated-devsecops.com\/fr\/ci-cd-security\/\" data-type=\"page\" data-id=\"11\">S\u00e9curit\u00e9 CI\/CD<\/a><\/strong> \u2014 Comment s\u00e9curiser les pipelines de bout en bout : int\u00e9grit\u00e9 du code, attestation de build, s\u00e9curit\u00e9 du registre de conteneurs et contr\u00f4les de d\u00e9ploiement.<\/li>\n\n\n\n<li><strong><a href=\"https:\/\/regulated-devsecops.com\/fr\/devsecops\/\" data-type=\"page\" data-id=\"13\">DevSecOps dans les environnements r\u00e9glement\u00e9s<\/a><\/strong> \u2014 Des cadres et architectures qui r\u00e9pondent \u00e0 la fois aux standards d&rsquo;ing\u00e9nierie et aux exigences d&rsquo;audit.<\/li>\n\n\n\n<li><strong><a href=\"https:\/\/regulated-devsecops.com\/fr\/compliance\/\" data-type=\"page\" data-id=\"17\">Cartographie de la conformit\u00e9<\/a><\/strong> \u2014 Comment les pratiques DevSecOps s&rsquo;alignent sur les cadres r\u00e9glementaires et les exigences de certification.<\/li>\n\n\n\n<li><strong><a href=\"https:\/\/regulated-devsecops.com\/fr\/application-security\/\" data-type=\"page\" data-id=\"746\">S\u00e9curit\u00e9 applicative<\/a><\/strong> \u2014 SAST, DAST, SCA, SBOM et mod\u00e9lisation des menaces dans des contextes r\u00e9glement\u00e9s.<\/li>\n<\/ul>\n\n\n\n<h3 class=\"wp-block-heading\" id=\"who-is-this-for\">\u00c0 qui s&rsquo;adresse ce site ?<\/h3>\n\n\n\n<p>Ce site est con\u00e7u pour les <strong>architectes s\u00e9curit\u00e9<\/strong>, les <strong>ing\u00e9nieurs DevOps\/DevSecOps<\/strong>, les <strong>responsables conformit\u00e9<\/strong> et les <strong>d\u00e9cideurs techniques<\/strong> qui travaillent dans \u2014 ou avec \u2014 des organisations r\u00e9glement\u00e9es.<\/p>\n\n\n\n<h3 class=\"wp-block-heading\" id=\"about-the-author\">\u00c0 propos de l&rsquo;auteur<\/h3>\n\n\n\n<p>Regulated DevSecOps est g\u00e9r\u00e9 par un professionnel de la s\u00e9curit\u00e9 ayant une exp\u00e9rience directe en ing\u00e9nierie DevSecOps, s\u00e9curit\u00e9 cloud et conformit\u00e9 dans les services financiers et d&rsquo;autres secteurs r\u00e9glement\u00e9s.<\/p>\n\n\n\n<p>Tout le contenu est ind\u00e9pendant. Ce site n&rsquo;est affili\u00e9 \u00e0 aucun fournisseur, produit ou service de conseil.<\/p>\n\n\n\n<hr class=\"wp-block-separator has-alpha-channel-opacity\"\/>\n\n\n\n<p>Pour toute question ou suggestion, veuillez visiter la page <a href=\"https:\/\/regulated-devsecops.com\/fr\/contact\/\" data-type=\"page\" data-id=\"25\">Contact<\/a>.<\/p>\n","protected":false},"excerpt":{"rendered":"<p>\u00c0 propos de Regulated DevSecOps Regulated DevSecOps est la principale ressource ind\u00e9pendante d\u00e9di\u00e9e \u00e0 l&rsquo;intersection de la ing\u00e9nierie DevSecOps et de la conformit\u00e9 r\u00e9glementaire. Ce site explore comment les organisations des secteurs r\u00e9glement\u00e9s \u2014 finance, sant\u00e9, gouvernement, infrastructure critique \u2014 peuvent int\u00e9grer la s\u00e9curit\u00e9 dans chaque phase du cycle de vie du d\u00e9veloppement logiciel sans &#8230; <a title=\"\u00c0 propos\" class=\"read-more\" href=\"https:\/\/regulated-devsecops.com\/fr\/about\/\" aria-label=\"En savoir plus sur \u00c0 propos\">Lire la suite<\/a><\/p>\n","protected":false},"author":1,"featured_media":0,"parent":0,"menu_order":8,"comment_status":"closed","ping_status":"closed","template":"","meta":{"footnotes":""},"class_list":["post-592","page","type-page","status-publish"],"_links":{"self":[{"href":"https:\/\/regulated-devsecops.com\/fr\/wp-json\/wp\/v2\/pages\/592","targetHints":{"allow":["GET"]}}],"collection":[{"href":"https:\/\/regulated-devsecops.com\/fr\/wp-json\/wp\/v2\/pages"}],"about":[{"href":"https:\/\/regulated-devsecops.com\/fr\/wp-json\/wp\/v2\/types\/page"}],"author":[{"embeddable":true,"href":"https:\/\/regulated-devsecops.com\/fr\/wp-json\/wp\/v2\/users\/1"}],"replies":[{"embeddable":true,"href":"https:\/\/regulated-devsecops.com\/fr\/wp-json\/wp\/v2\/comments?post=592"}],"version-history":[{"count":0,"href":"https:\/\/regulated-devsecops.com\/fr\/wp-json\/wp\/v2\/pages\/592\/revisions"}],"wp:attachment":[{"href":"https:\/\/regulated-devsecops.com\/fr\/wp-json\/wp\/v2\/media?parent=592"}],"curies":[{"name":"wp","href":"https:\/\/api.w.org\/{rel}","templated":true}]}}