{"id":1465,"date":"2025-12-28T11:48:44","date_gmt":"2025-12-28T10:48:44","guid":{"rendered":"https:\/\/regulated-devsecops.com\/resources-2\/"},"modified":"2026-03-26T07:03:34","modified_gmt":"2026-03-26T06:03:34","slug":"resources","status":"publish","type":"page","link":"https:\/\/regulated-devsecops.com\/fr\/resources\/","title":{"rendered":"Ressources"},"content":{"rendered":"\n<h2 class=\"wp-block-heading\"><strong>Bo\u00eete \u00e0 outils de pr\u00e9paration \u00e0 l&rsquo;audit<\/strong><\/h2>\n\n\n\n<p>Ressources s\u00e9lectionn\u00e9es pour les responsables conformit\u00e9, auditeurs et gestionnaires de risques \u00e9valuant les environnements CI\/CD dans les industries r\u00e9glement\u00e9es. Tout ci-dessous est con\u00e7u pour \u00eatre directement exploitable \u2014 des checklists que vous pouvez utiliser, des packs de preuves que vous pouvez r\u00e9f\u00e9rencer et des cadres que vous pouvez appliquer.<\/p>\n\n\n\n<hr class=\"wp-block-separator has-alpha-channel-opacity\"\/>\n\n\n\n<h2 class=\"wp-block-heading\"><strong>Checklists d&rsquo;audit et guides de pr\u00e9paration<\/strong><\/h2>\n\n\n\n<p>Pr\u00e9parez-vous aux audits avec des checklists structur\u00e9es couvrant les contr\u00f4les CI\/CD, les exigences de preuves et les constats courants.<\/p>\n\n\n\n<ul class=\"wp-block-list\">\n<li><strong><a href=\"https:\/\/regulated-devsecops.com\/fr\/regulatory-frameworks\/before-the-auditor-arrives-ci-cd-audit-readiness-checklist\/\">Avant l&rsquo;arriv\u00e9e de l&rsquo;auditeur \u2014 Checklist de pr\u00e9paration \u00e0 l&rsquo;audit CI\/CD<\/a><\/strong><\/li>\n\n\n<li><strong><a href=\"https:\/\/regulated-devsecops.com\/fr\/regulatory-frameworks\/audit-day-playbook-how-to-handle-ci-cd-audits-in-regulated-environments\/\">Manuel du jour d&rsquo;audit<\/a><\/strong> \u2014 Comment g\u00e9rer les audits CI\/CD dans les environnements r\u00e9glement\u00e9s<\/li>\n\n\n<li><strong><a href=\"https:\/\/regulated-devsecops.com\/fr\/regulatory-frameworks\/audit-day-qa-cheat-sheet\/\">Aide-m\u00e9moire Q&amp;R du jour d&rsquo;audit<\/a><\/strong><\/li>\n\n\n<li><strong><a href=\"https:\/\/regulated-devsecops.com\/fr\/regulatory-frameworks\/dora-article-28-auditor-checklist\/\">DORA Article 28 \u2014 Checklist de l&rsquo;auditeur<\/a><\/strong><\/li>\n\n\n<li><strong><a href=\"https:\/\/regulated-devsecops.com\/fr\/audit-evidence\/nis2-audit-checklist-evidence-pack-for-compliance-officers\/\">NIS2 Checklist d&rsquo;audit \u2014 Pack de preuves<\/a><\/strong><\/li>\n\n\n<li><strong><a href=\"https:\/\/regulated-devsecops.com\/fr\/audit-evidence\/soc-2-readiness-assessment-ci-cd-specific-checklist\/\">\u00c9valuation de pr\u00e9paration SOC 2 \u2014 Checklist CI\/CD<\/a><\/strong><\/li>\n\n\n<li><strong><a href=\"https:\/\/regulated-devsecops.com\/fr\/audit-evidence\/common-audit-findings-ci-cd-top-10-failures\/\">Constats d&rsquo;audit courants \u2014 Top 10 des d\u00e9faillances CI\/CD<\/a><\/strong><\/li>\n<\/ul>\n\n\n\n<hr class=\"wp-block-separator has-alpha-channel-opacity\"\/>\n\n\n\n<h2 class=\"wp-block-heading\"><strong>Packs de preuves<\/strong><\/h2>\n\n\n\n<p>Cadres de preuves pr\u00e9-structur\u00e9s montrant ce dont les auditeurs ont besoin et o\u00f9 le trouver.<\/p>\n\n\n\n<ul class=\"wp-block-list\">\n<li><strong><a href=\"https:\/\/regulated-devsecops.com\/fr\/regulatory-frameworks\/dora-article-21-evidence-pack-for-auditors\/\">DORA Article 21 \u2014 Pack de preuves pour les auditeurs<\/a><\/strong><\/li>\n\n\n<li><strong><a href=\"https:\/\/regulated-devsecops.com\/fr\/regulatory-frameworks\/dora-article-28-evidence-pack\/\">DORA Article 28 \u2014 Evidence Pack<\/a><\/strong> (Auditor &amp; Engineer Views)<\/li>\n\n\n<li><strong><a href=\"https:\/\/regulated-devsecops.com\/fr\/regulatory-frameworks\/nis2-supply-chain-evidence-pack\/\">NIS2 Supply Chain Evidence Pack<\/a><\/strong> (Finance &amp; Public Sector Variants)<\/li>\n\n\n<li><strong><a href=\"https:\/\/regulated-devsecops.com\/fr\/audit-evidence\/building-evidence-repository-continuous-compliance\/\">Building an Evidence Repository for Continuous Compliance<\/a><\/strong><\/li>\n<\/ul>\n\n\n\n<hr class=\"wp-block-separator has-alpha-channel-opacity\"\/>\n\n\n\n<h2 class=\"wp-block-heading\"><strong>Controls Mappings<\/strong><\/h2>\n\n\n\n<p>How regulatory requirements map to specific CI\/CD controls \u2014 the bridge between compliance frameworks and pipeline architecture.<\/p>\n\n\n\n<ul class=\"wp-block-list\">\n<li><strong><a href=\"https:\/\/regulated-devsecops.com\/fr\/ci-cd-governance\/iso-27001-annex-a-controls-mapped-to-ci-cd-pipelines\/\">ISO 27001 Annex A \u2192 CI\/CD Controls Mapping<\/a><\/strong><\/li>\n\n\n<li><strong><a href=\"https:\/\/regulated-devsecops.com\/fr\/ci-cd-governance\/soc-2-trust-service-criteria-mapped-to-pipeline-controls\/\">SOC 2 Trust Service Criteria \u2192 Pipeline Controls<\/a><\/strong><\/li>\n\n\n<li><strong><a href=\"\/fr\/dora-article-21-ci-cd-controls-mapping\/\">DORA Article 21 \u2192 CI\/CD Controls Mapping<\/a><\/strong><\/li>\n\n\n<li><strong><a href=\"https:\/\/regulated-devsecops.com\/fr\/ci-cd-governance\/nis2-article-21-ci-cd-controls-mapping\/\">NIS2 Article 21 \u2192 CI\/CD Controls Mapping<\/a><\/strong><\/li>\n\n\n<li><strong><a href=\"\/fr\/ci-cd-security-tools-controls-mapping\/\">CI\/CD Security Tools \u2192 Controls Mapping<\/a><\/strong><\/li>\n\n\n<li><strong><a href=\"https:\/\/regulated-devsecops.com\/fr\/regulatory-frameworks\/dora-article-28-controls-evidence-mapping\/\">DORA Article 28 \u2014 Controls &amp; Evidence Mapping<\/a><\/strong><\/li>\n<\/ul>\n\n\n\n<hr class=\"wp-block-separator has-alpha-channel-opacity\"\/>\n\n\n\n<h2 class=\"wp-block-heading\"><strong>Cross-Regulation Comparisons<\/strong><\/h2>\n\n\n\n<p>For organisations subject to multiple frameworks \u2014 understand where they overlap, diverge, and how to build efficient multi-framework compliance.<\/p>\n\n\n\n<ul class=\"wp-block-list\">\n<li><strong><a href=\"https:\/\/regulated-devsecops.com\/fr\/cross-regulation-comparisons\/iso-27001-vs-dora-vs-nis2-controls-overlap-matrix\/\">ISO 27001 vs DORA vs NIS2 \u2014 Controls Overlap Matrix<\/a><\/strong><\/li>\n\n\n<li><strong><a href=\"https:\/\/regulated-devsecops.com\/fr\/cross-regulation-comparisons\/nis2-vs-dora-overlap-analysis-for-dual-regulated-entities\/\">NIS2 vs DORA \u2014 Overlap Analysis for Dual-Regulated Entities<\/a><\/strong><\/li>\n\n\n<li><strong><a href=\"https:\/\/regulated-devsecops.com\/fr\/regulatory-frameworks\/dual-compliance-architecture-explained\/\">Dual-Compliance Architecture Explained<\/a><\/strong><\/li>\n\n\n<li><strong><a href=\"https:\/\/regulated-devsecops.com\/fr\/ci-cd-governance\/ci-cd-security-audit-compliance-mapping-iso-27001-soc-2-dora\/\">Compliance Mapping \u2014 ISO 27001 \/ SOC 2 \/ DORA<\/a><\/strong><\/li>\n\n\n<li><strong><a href=\"https:\/\/regulated-devsecops.com\/fr\/ci-cd-governance\/ci-cd-security-audit-compliance-mapping-nis2-pci-dss\/\">Compliance Mapping \u2014 NIS2 \/ PCI DSS<\/a><\/strong><\/li>\n<\/ul>\n\n\n\n<hr class=\"wp-block-separator has-alpha-channel-opacity\"\/>\n\n\n\n<h2 class=\"wp-block-heading\"><strong>Governance Frameworks<\/strong><\/h2>\n\n\n\n<p>Organisational models, responsibility matrices, and maturity frameworks for DevSecOps governance in regulated environments.<\/p>\n\n\n\n<ul class=\"wp-block-list\">\n<li><strong><a href=\"https:\/\/regulated-devsecops.com\/fr\/ci-cd-governance\/devsecops-raci-matrix-regulated-organizations\/\">DevSecOps RACI Matrix for Regulated Organizations<\/a><\/strong><\/li>\n\n\n<li><strong><a href=\"https:\/\/regulated-devsecops.com\/fr\/devsecops-operating-models\/devsecops-operating-models-centralized-federated-hybrid\/\">DevSecOps Operating Models \u2014 Centralized vs Federated vs Hybrid<\/a><\/strong><\/li>\n\n\n<li><strong><a href=\"https:\/\/regulated-devsecops.com\/fr\/application-security-governance\/appsec-governance-model-roles-responsibilities\/\">AppSec Governance Model \u2014 Roles, Responsibilities, and Oversight<\/a><\/strong><\/li>\n\n\n<li><strong><a href=\"https:\/\/regulated-devsecops.com\/fr\/application-security-governance\/application-risk-classification-framework\/\">Application Risk Classification Framework<\/a><\/strong><\/li>\n\n\n<li><strong><a href=\"https:\/\/regulated-devsecops.com\/fr\/audit-evidence\/devsecops-maturity-assessment-framework\/\">DevSecOps Maturity Assessment Framework<\/a><\/strong><\/li>\n\n\n<li><strong><a href=\"https:\/\/regulated-devsecops.com\/fr\/audit-evidence\/devsecops-board-level-reporting-kpis\/\">DevSecOps Program \u2014 Board-Level Reporting and KPIs<\/a><\/strong><\/li>\n<\/ul>\n\n\n\n<hr class=\"wp-block-separator has-alpha-channel-opacity\"\/>\n\n\n\n<h2 class=\"wp-block-heading\"><strong>For Non-Technical Readers<\/strong><\/h2>\n\n\n\n<ul class=\"wp-block-list\">\n<li><strong><a href=\"https:\/\/regulated-devsecops.com\/fr\/start-here\/\">Commencez ici \u2014 Guide de l&rsquo;auditeur pour la s\u00e9curit\u00e9 CI\/CD<\/a><\/strong> \u2014 Structured introduction for non-technical professionals<\/li>\n\n\n<li><strong><a href=\"https:\/\/regulated-devsecops.com\/fr\/glossary\/\">Glossaire<\/a><\/strong> \u2014 Plain-language definitions of CI\/CD and DevSecOps terms<\/li>\n\n\n<li><strong><a href=\"https:\/\/regulated-devsecops.com\/fr\/regulatory-frameworks\/executive-audit-briefing-ci-cd-pipelines-in-regulated-environments\/\">Executive Audit Briefing<\/a><\/strong> \u2014 CI\/CD pipelines in regulated environments<\/li>\n<\/ul>\n\n\n\n<hr class=\"wp-block-separator has-alpha-channel-opacity\"\/>\n\n\n\n<p><em>For technical implementation guidance (code, configurations, tool setup), visit our sister site <a href=\"https:\/\/secure-pipelines.com\" target=\"_blank\" rel=\"noopener\">secure-pipelines.com<\/a>.<\/em><\/p>\n","protected":false},"excerpt":{"rendered":"<p>Bo\u00eete \u00e0 outils de pr\u00e9paration \u00e0 l&rsquo;audit Ressources s\u00e9lectionn\u00e9es pour les responsables conformit\u00e9, auditeurs et gestionnaires de risques \u00e9valuant les environnements CI\/CD dans les industries r\u00e9glement\u00e9es. Tout ci-dessous est con\u00e7u pour \u00eatre directement exploitable \u2014 des checklists que vous pouvez utiliser, des packs de preuves que vous pouvez r\u00e9f\u00e9rencer et des cadres que vous pouvez &#8230; <a title=\"Ressources\" class=\"read-more\" href=\"https:\/\/regulated-devsecops.com\/fr\/resources\/\" aria-label=\"En savoir plus sur Ressources\">Lire la suite<\/a><\/p>\n","protected":false},"author":1,"featured_media":0,"parent":0,"menu_order":7,"comment_status":"closed","ping_status":"closed","template":"","meta":{"footnotes":""},"class_list":["post-1465","page","type-page","status-publish"],"_links":{"self":[{"href":"https:\/\/regulated-devsecops.com\/fr\/wp-json\/wp\/v2\/pages\/1465","targetHints":{"allow":["GET"]}}],"collection":[{"href":"https:\/\/regulated-devsecops.com\/fr\/wp-json\/wp\/v2\/pages"}],"about":[{"href":"https:\/\/regulated-devsecops.com\/fr\/wp-json\/wp\/v2\/types\/page"}],"author":[{"embeddable":true,"href":"https:\/\/regulated-devsecops.com\/fr\/wp-json\/wp\/v2\/users\/1"}],"replies":[{"embeddable":true,"href":"https:\/\/regulated-devsecops.com\/fr\/wp-json\/wp\/v2\/comments?post=1465"}],"version-history":[{"count":0,"href":"https:\/\/regulated-devsecops.com\/fr\/wp-json\/wp\/v2\/pages\/1465\/revisions"}],"wp:attachment":[{"href":"https:\/\/regulated-devsecops.com\/fr\/wp-json\/wp\/v2\/media?parent=1465"}],"curies":[{"name":"wp","href":"https:\/\/api.w.org\/{rel}","templated":true}]}}