{"id":674,"date":"2025-12-28T11:50:54","date_gmt":"2025-12-28T10:50:54","guid":{"rendered":"https:\/\/regulated-devsecops.com\/?page_id=674"},"modified":"2026-03-26T09:19:31","modified_gmt":"2026-03-26T08:19:31","slug":"cookie-policy","status":"publish","type":"page","link":"https:\/\/regulated-devsecops.com\/es\/cookie-policy\/","title":{"rendered":"Pol\u00edtica de Cookies"},"content":{"rendered":"\n<p>Esta Pol\u00edtica de Cookies explica c\u00f3mo se utilizan las cookies en <a href=\"https:\/\/regulated-devsecops.com\/es\/\" data-type=\"page\" data-id=\"9\"><em>este sitio web<\/em><\/a>.<\/p>\n\n\n\n<h3 class=\"wp-block-heading\"><strong>1. \u00bfQu\u00e9 son las cookies?<\/strong><\/h3>\n\n\n\n<p>Las cookies son peque\u00f1os archivos de texto que se almacenan en su dispositivo cuando visita un sitio web. Se utilizan ampliamente para garantizar el correcto funcionamiento de los sitios web y para mejorar la experiencia del usuario.<\/p>\n\n\n\n<hr class=\"wp-block-separator has-alpha-channel-opacity\"\/>\n\n\n\n<h3 class=\"wp-block-heading\"><strong>2. C\u00f3mo se utilizan las cookies en este sitio web<\/strong><\/h3>\n\n\n\n<p>Este sitio web puede utilizar cookies para los siguientes fines:<\/p>\n\n\n\n<ul class=\"wp-block-list\">\n<li>Garantizar la funcionalidad b\u00e1sica del sitio web<\/li>\n\n\n\n<li>Mejorar la seguridad<\/li>\n\n\n\n<li>Medir el rendimiento y el uso del sitio web<\/li>\n<\/ul>\n\n\n\n<p>Las cookies utilizadas en este sitio web no recopilan informaci\u00f3n de identificaci\u00f3n personal.<\/p>\n\n\n\n<hr class=\"wp-block-separator has-alpha-channel-opacity\"\/>\n\n\n\n<h3 class=\"wp-block-heading\"><strong>3. Tipos de cookies<\/strong><\/h3>\n\n\n\n<p>Se pueden utilizar los siguientes tipos de cookies:<\/p>\n\n\n\n<ul class=\"wp-block-list\">\n<li><strong>Cookies esenciales<\/strong>: necesarias para la funcionalidad b\u00e1sica del sitio web<\/li>\n\n\n\n<li><strong>Cookies anal\u00edticas<\/strong>: utilizadas para comprender c\u00f3mo interact\u00faan los visitantes con el sitio web<\/li>\n\n\n\n<li><strong>Cookies de seguridad<\/strong>: utilizadas para proteger el sitio web contra abusos o actividades maliciosas<\/li>\n<\/ul>\n\n\n\n<hr class=\"wp-block-separator has-alpha-channel-opacity\"\/>\n\n\n\n<h3 class=\"wp-block-heading\"><strong>4. Gesti\u00f3n de cookies<\/strong><\/h3>\n\n\n\n<p>Puede controlar o desactivar las cookies a trav\u00e9s de la configuraci\u00f3n de su navegador. Tenga en cuenta que la desactivaci\u00f3n de ciertas cookies puede afectar a la funcionalidad del sitio web.<\/p>\n\n\n\n<hr class=\"wp-block-separator has-alpha-channel-opacity\"\/>\n\n\n\n<h3 class=\"wp-block-heading\"><strong>5. Cookies de terceros<\/strong><\/h3>\n\n\n\n<p>Algunos servicios de terceros integrados en este sitio web pueden instalar cookies en su dispositivo. Estas cookies est\u00e1n sujetas a las pol\u00edticas de privacidad de los respectivos terceros.<\/p>\n\n\n\n<hr class=\"wp-block-separator has-alpha-channel-opacity\"\/>\n\n\n\n<h3 class=\"wp-block-heading\"><strong>6. Cambios en esta Pol\u00edtica de Cookies<\/strong><\/h3>\n\n\n\n<p>Esta Pol\u00edtica de Cookies puede actualizarse peri\u00f3dicamente. Cualquier cambio se reflejar\u00e1 en esta p\u00e1gina.<\/p>\n\n","protected":false},"excerpt":{"rendered":"<p>Esta Pol\u00edtica de Cookies explica c\u00f3mo se utilizan las cookies en este sitio web. 1. \u00bfQu\u00e9 son las cookies? Las cookies son peque\u00f1os archivos de texto que se almacenan en su dispositivo cuando visita un sitio web. Se utilizan ampliamente para garantizar el correcto funcionamiento de los sitios web y para mejorar la experiencia del &#8230; <a title=\"Pol\u00edtica de Cookies\" class=\"read-more\" href=\"https:\/\/regulated-devsecops.com\/es\/cookie-policy\/\" aria-label=\"Leer m\u00e1s sobre Pol\u00edtica de Cookies\">Leer m\u00e1s<\/a><\/p>\n","protected":false},"author":1,"featured_media":0,"parent":0,"menu_order":12,"comment_status":"closed","ping_status":"closed","template":"","meta":{"footnotes":""},"class_list":["post-674","page","type-page","status-publish"],"_links":{"self":[{"href":"https:\/\/regulated-devsecops.com\/es\/wp-json\/wp\/v2\/pages\/674","targetHints":{"allow":["GET"]}}],"collection":[{"href":"https:\/\/regulated-devsecops.com\/es\/wp-json\/wp\/v2\/pages"}],"about":[{"href":"https:\/\/regulated-devsecops.com\/es\/wp-json\/wp\/v2\/types\/page"}],"author":[{"embeddable":true,"href":"https:\/\/regulated-devsecops.com\/es\/wp-json\/wp\/v2\/users\/1"}],"replies":[{"embeddable":true,"href":"https:\/\/regulated-devsecops.com\/es\/wp-json\/wp\/v2\/comments?post=674"}],"version-history":[{"count":0,"href":"https:\/\/regulated-devsecops.com\/es\/wp-json\/wp\/v2\/pages\/674\/revisions"}],"wp:attachment":[{"href":"https:\/\/regulated-devsecops.com\/es\/wp-json\/wp\/v2\/media?parent=674"}],"curies":[{"name":"wp","href":"https:\/\/api.w.org\/{rel}","templated":true}]}}