{"id":656,"date":"2025-12-28T11:50:33","date_gmt":"2025-12-28T10:50:33","guid":{"rendered":"https:\/\/regulated-devsecops.com\/?page_id=656"},"modified":"2026-03-26T09:19:09","modified_gmt":"2026-03-26T08:19:09","slug":"contact","status":"publish","type":"page","link":"https:\/\/regulated-devsecops.com\/es\/contact\/","title":{"rendered":"Contacto"},"content":{"rendered":"\n<p>Si tiene preguntas sobre el contenido publicado en <a href=\"https:\/\/regulated-devsecops.com\/es\/\" data-type=\"page\" data-id=\"9\">este sitio web<\/a> o desea ponerse en contacto en relaci\u00f3n con <a href=\"https:\/\/regulated-devsecops.com\/es\/devsecops\/\" data-type=\"page\" data-id=\"13\">DevSecOps<\/a>, <a href=\"https:\/\/regulated-devsecops.com\/es\/ci-cd-security\/\" data-type=\"page\" data-id=\"11\">seguridad CI\/CD<\/a> o <a href=\"https:\/\/regulated-devsecops.com\/compliance\/\" data-type=\"page\" data-id=\"17\">temas relacionados con el cumplimiento normativo<\/a>, puede contactarnos utilizando la informaci\u00f3n que figura a continuaci\u00f3n.<\/p>\n\n\n\n<h3 class=\"wp-block-heading\" id=\"contact-information\">Informaci\u00f3n de contacto<\/h3>\n\n\n\n<p>Correo electr\u00f3nico:&nbsp;<a href=\"mailto:contact@regulated-devsecops.com\">contact@regulated-devsecops.com<\/a><\/p>\n\n\n\n<hr class=\"wp-block-separator has-alpha-channel-opacity\"\/>\n\n\n\n<p>Tenga en cuenta que <a href=\"https:\/\/regulated-devsecops.com\/es\/\" data-type=\"page\" data-id=\"9\">este sitio web<\/a> no ofrece servicios de consultor\u00eda ni de soporte. Todo el contenido se publica \u00fanicamente con fines informativos y educativos.<\/p>\n\n\n\n<p><\/p>\n\n","protected":false},"excerpt":{"rendered":"<p>Si tiene preguntas sobre el contenido publicado en este sitio web o desea ponerse en contacto en relaci\u00f3n con DevSecOps, seguridad CI\/CD o temas relacionados con el cumplimiento normativo, puede contactarnos utilizando la informaci\u00f3n que figura a continuaci\u00f3n. Informaci\u00f3n de contacto Correo electr\u00f3nico:&nbsp;contact@regulated-devsecops.com Tenga en cuenta que este sitio web no ofrece servicios de consultor\u00eda &#8230; <a title=\"Contacto\" class=\"read-more\" href=\"https:\/\/regulated-devsecops.com\/es\/contact\/\" aria-label=\"Leer m\u00e1s sobre Contacto\">Leer m\u00e1s<\/a><\/p>\n","protected":false},"author":1,"featured_media":0,"parent":0,"menu_order":10,"comment_status":"closed","ping_status":"closed","template":"","meta":{"footnotes":""},"class_list":["post-656","page","type-page","status-publish"],"_links":{"self":[{"href":"https:\/\/regulated-devsecops.com\/es\/wp-json\/wp\/v2\/pages\/656","targetHints":{"allow":["GET"]}}],"collection":[{"href":"https:\/\/regulated-devsecops.com\/es\/wp-json\/wp\/v2\/pages"}],"about":[{"href":"https:\/\/regulated-devsecops.com\/es\/wp-json\/wp\/v2\/types\/page"}],"author":[{"embeddable":true,"href":"https:\/\/regulated-devsecops.com\/es\/wp-json\/wp\/v2\/users\/1"}],"replies":[{"embeddable":true,"href":"https:\/\/regulated-devsecops.com\/es\/wp-json\/wp\/v2\/comments?post=656"}],"version-history":[{"count":0,"href":"https:\/\/regulated-devsecops.com\/es\/wp-json\/wp\/v2\/pages\/656\/revisions"}],"wp:attachment":[{"href":"https:\/\/regulated-devsecops.com\/es\/wp-json\/wp\/v2\/media?parent=656"}],"curies":[{"name":"wp","href":"https:\/\/api.w.org\/{rel}","templated":true}]}}