{"id":650,"date":"2025-12-28T11:51:17","date_gmt":"2025-12-28T10:51:17","guid":{"rendered":"https:\/\/regulated-devsecops.com\/?page_id=650"},"modified":"2026-03-26T09:19:43","modified_gmt":"2026-03-26T08:19:43","slug":"disclaimer","status":"publish","type":"page","link":"https:\/\/regulated-devsecops.com\/es\/disclaimer\/","title":{"rendered":"Aviso Legal"},"content":{"rendered":"\n<p>La informaci\u00f3n proporcionada en <a href=\"https:\/\/regulated-devsecops.com\/es\/\" data-type=\"page\" data-id=\"9\"><em>este sitio web<\/em><\/a> tiene \u00fanicamente fines informativos y educativos de car\u00e1cter general.<\/p>\n\n\n\n<h3 class=\"wp-block-heading\"><strong>1. Sin asesoramiento profesional<\/strong><\/h3>\n\n\n\n<p>El contenido publicado en este sitio web no constituye asesoramiento legal, regulatorio, de seguridad ni profesional. Aunque se realizan esfuerzos para garantizar la exactitud, la informaci\u00f3n proporcionada no debe utilizarse como sustituto de una consulta profesional adaptada a situaciones espec\u00edficas.<\/p>\n\n\n\n<hr class=\"wp-block-separator has-alpha-channel-opacity\"\/>\n\n\n\n<h3 class=\"wp-block-heading\"><strong>2. Exactitud de la informaci\u00f3n<\/strong><\/h3>\n\n\n\n<p>El contenido se basa en la experiencia profesional y en la informaci\u00f3n disponible p\u00fablicamente. Sin embargo, las tecnolog\u00edas, las regulaciones y las mejores pr\u00e1cticas evolucionan con el tiempo, y no se ofrece ninguna garant\u00eda en cuanto a la integridad, exactitud o actualidad de la informaci\u00f3n proporcionada.<\/p>\n\n\n\n<hr class=\"wp-block-separator has-alpha-channel-opacity\"\/>\n\n\n\n<h3 class=\"wp-block-heading\"><strong>3. Limitaci\u00f3n de responsabilidad<\/strong><\/h3>\n\n\n\n<p>El propietario del sitio web no ser\u00e1 responsable de los da\u00f1os directos o indirectos derivados del uso o de la imposibilidad de utilizar la informaci\u00f3n proporcionada en este sitio web.<\/p>\n\n\n\n<p>Los usuarios son responsables de aplicar cualquier informaci\u00f3n bajo su propio riesgo.<\/p>\n\n\n\n<hr class=\"wp-block-separator has-alpha-channel-opacity\"\/>\n\n\n\n<h3 class=\"wp-block-heading\"><strong>4. Enlaces externos<\/strong><\/h3>\n\n\n\n<p>Este sitio web puede contener enlaces a sitios web externos. Estos enlaces se proporcionan \u00fanicamente por comodidad, y no se asume ninguna responsabilidad por el contenido, la disponibilidad ni las pr\u00e1cticas de privacidad de los sitios externos.<\/p>\n\n\n\n<hr class=\"wp-block-separator has-alpha-channel-opacity\"\/>\n\n\n\n<h3 class=\"wp-block-heading\"><strong>5. Opiniones expresadas<\/strong><\/h3>\n\n\n\n<p>Las opiniones expresadas en este sitio web son las del autor y no representan los puntos de vista de ning\u00fan empleador, cliente u organizaci\u00f3n, salvo que se indique expresamente.<\/p>\n\n","protected":false},"excerpt":{"rendered":"<p>La informaci\u00f3n proporcionada en este sitio web tiene \u00fanicamente fines informativos y educativos de car\u00e1cter general. 1. Sin asesoramiento profesional El contenido publicado en este sitio web no constituye asesoramiento legal, regulatorio, de seguridad ni profesional. Aunque se realizan esfuerzos para garantizar la exactitud, la informaci\u00f3n proporcionada no debe utilizarse como sustituto de una consulta &#8230; <a title=\"Aviso Legal\" class=\"read-more\" href=\"https:\/\/regulated-devsecops.com\/es\/disclaimer\/\" aria-label=\"Leer m\u00e1s sobre Aviso Legal\">Leer m\u00e1s<\/a><\/p>\n","protected":false},"author":1,"featured_media":0,"parent":0,"menu_order":13,"comment_status":"closed","ping_status":"closed","template":"","meta":{"footnotes":""},"class_list":["post-650","page","type-page","status-publish"],"_links":{"self":[{"href":"https:\/\/regulated-devsecops.com\/es\/wp-json\/wp\/v2\/pages\/650","targetHints":{"allow":["GET"]}}],"collection":[{"href":"https:\/\/regulated-devsecops.com\/es\/wp-json\/wp\/v2\/pages"}],"about":[{"href":"https:\/\/regulated-devsecops.com\/es\/wp-json\/wp\/v2\/types\/page"}],"author":[{"embeddable":true,"href":"https:\/\/regulated-devsecops.com\/es\/wp-json\/wp\/v2\/users\/1"}],"replies":[{"embeddable":true,"href":"https:\/\/regulated-devsecops.com\/es\/wp-json\/wp\/v2\/comments?post=650"}],"version-history":[{"count":0,"href":"https:\/\/regulated-devsecops.com\/es\/wp-json\/wp\/v2\/pages\/650\/revisions"}],"wp:attachment":[{"href":"https:\/\/regulated-devsecops.com\/es\/wp-json\/wp\/v2\/media?parent=650"}],"curies":[{"name":"wp","href":"https:\/\/api.w.org\/{rel}","templated":true}]}}